{"id":89,"date":"2018-03-03T02:45:22","date_gmt":"2018-03-03T02:45:22","guid":{"rendered":"http:\/\/ninzio.com\/gustablo\/?page_id=89"},"modified":"2024-03-27T12:39:30","modified_gmt":"2024-03-27T11:39:30","slug":"home-1","status":"publish","type":"page","link":"https:\/\/carolapizzeria.se\/index\/","title":{"rendered":"Home 1"},"content":{"rendered":"<div class=\"wpb-content-wrapper\"><p>[vc_row][vc_column][rev_slider_vc alias=&#8221;slider-11&#8243;][\/vc_column][\/vc_row][vc_row el_class=&#8221;top-contact-form&#8221;][vc_column]<div class=\"wprt-content-box clearfix \" data-padding=\"36px 46px 36px 46px\" data-mobipadding=\"36px 46px 36px 46px\" data-margin=\"-63px 0px 0px 0px\" data-mobimargin=\"-63px 0px 0px 0px\">\r\n\t\t<div class=\"inner-wrap \" style=\"background:url(https:\/\/carolapizzeria.se\/index\/wp-content\/uploads\/2018\/03\/section_bg1.jpg) center center no-repeat;\">\r\n\t\t\t\n<div class=\"wpcf7 no-js\" id=\"wpcf7-f526-o1\" lang=\"en-US\" dir=\"ltr\" data-wpcf7-id=\"526\">\n<div class=\"screen-reader-response\"><p role=\"status\" aria-live=\"polite\" aria-atomic=\"true\"><\/p> <ul><\/ul><\/div>\n<form action=\"\/index\/wp-json\/wp\/v2\/pages\/89#wpcf7-f526-o1\" method=\"post\" class=\"wpcf7-form init\" aria-label=\"Contact form\" novalidate=\"novalidate\" data-status=\"init\">\n<fieldset class=\"hidden-fields-container\"><input type=\"hidden\" name=\"_wpcf7\" value=\"526\" \/><input type=\"hidden\" name=\"_wpcf7_version\" value=\"6.1.4\" \/><input type=\"hidden\" name=\"_wpcf7_locale\" value=\"en_US\" \/><input type=\"hidden\" name=\"_wpcf7_unit_tag\" value=\"wpcf7-f526-o1\" \/><input type=\"hidden\" name=\"_wpcf7_container_post\" value=\"0\" \/><input type=\"hidden\" name=\"_wpcf7_posted_data_hash\" value=\"\" \/>\n<\/fieldset>\n<div class=\"wprt-contact-form-4\">\n\t<p><span class=\"wpcf7-form-control-wrap\" data-name=\"your-name\"><input size=\"40\" maxlength=\"400\" class=\"wpcf7-form-control wpcf7-text wpcf7-validates-as-required\" aria-required=\"true\" aria-invalid=\"false\" placeholder=\"Ditt namn\" value=\"\" type=\"text\" name=\"your-name\" \/><\/span><span class=\"wpcf7-form-control-wrap\" data-name=\"your-email\"><input size=\"40\" maxlength=\"400\" class=\"wpcf7-form-control wpcf7-email wpcf7-validates-as-required wpcf7-text wpcf7-validates-as-email\" aria-required=\"true\" aria-invalid=\"false\" placeholder=\"Din e-post\" value=\"\" type=\"email\" name=\"your-email\" \/><\/span><span class=\"wpcf7-form-control-wrap\" data-name=\"your-message\"><input size=\"40\" maxlength=\"400\" class=\"wpcf7-form-control wpcf7-text wpcf7-validates-as-required\" aria-required=\"true\" aria-invalid=\"false\" placeholder=\"Ditt meddelande\" value=\"\" type=\"text\" name=\"your-message\" \/><\/span>\n\t<\/p>\n\t<div class=\"wrap-submit\">\n\t\t<p><input class=\"wpcf7-form-control wpcf7-submit has-spinner\" type=\"submit\" value=\"Kontakta oss\" \/>\n\t\t<\/p>\n\t<\/div>\n<\/div><div class=\"wpcf7-response-output\" aria-hidden=\"true\"><\/div>\n<\/form>\n<\/div>\n\n\r\n\t\t<\/div>\r\n\t<\/div>[\/vc_column][\/vc_row][vc_row full_width=&#8221;stretch_row&#8221;][vc_column]\r\n\t<div class=\"wprt-spacer clearfix\" data-desktop=\"72\" data-mobi=\"60\" data-smobi=\"60\"><\/div><div class=\"wprt-headings clearfix text-center\"  style=\"\"><h2 class=\"heading clearfix\" style=\"\">\r\n\t\tV\u00e4lkommen till Carola Restaurang &amp; Pizzeria\r\n\t<\/h2><\/div><div class=\"wprt-divider has-icon\" style=\"width:288px;margin-top:5px;margin-bottom:8px;\">\r\n\t\t\t<div class=\"divider-icon\">\r\n\t\t\t\t<span class=\"divider-icon-before divider-center divider-double\" style=\"border-color:#dddddd;\"><\/span>\r\n\t\t\t\t<span class=\"icon-wrap\" style=\"\"><span class=\"nz-restaurant \" style=\"font-size:30px;color:#999999;\"><\/span><\/span>\r\n\t\t\t\t<span class=\"divider-icon-after divider-center divider-double\" style=\"border-color:#dddddd;\"><\/span>\r\n\t\t\t<\/div>\r\n\t\t<\/div><div class=\"clearfix\"><\/div><div class=\"wprt-headings clearfix text-center\"  style=\"\"><p class=\"sub-heading clearfix\" style=\"font-style:normal;font-size:17px;line-height:28px;max-width:700px; margin-left: auto; margin-right: auto;\">\r\n\t\tV\u00e4lkommen till Carola Restaurang &amp; Pizzeri<br \/>\nP\u00e5 \u00c4ngg\u00e5rden Pizzeria serverar vi varje dag lunch mellan kl (10:00-14:00). Under den tiden erbjuder vi olika r\u00e4tter att v\u00e4lja i fr\u00e5n med valfri dricka.<br \/>\nV\u00e4lkomna in!\r\n\t<\/p><\/div>\r\n\t<div class=\"wprt-spacer clearfix\" data-desktop=\"40\" data-mobi=\"30\" data-smobi=\"30\"><\/div>\r\n<div class=\"wprt-gallery-grid \" data-column=\"3\" data-column2=\"3\" data-column3=\"2\" data-column4=\"1\" data-gaph=\"20\" data-gapv=\"20\" data-filter=\"\">\r\n\r\n\t\r\n\t\t<div id=\"galleries\" class=\"cbp\">\r\n\t\t    \r\n\t            <div class=\"cbp-item cheese creative delicate fantasy gustablo \">\r\n\t\t\t\t\t<div class=\"gallery-box style-1\">\r\n\t\t\t\t\t\t<div class=\"inner\">\r\n\t\t\t\t\t\t\t<div class=\"gallery-wrap\"><div class=\"gallery-image\"><img loading=\"lazy\" decoding=\"async\" width=\"600\" height=\"450\" src=\"https:\/\/carolapizzeria.se\/index\/wp-content\/uploads\/2023\/03\/Gallery_002-600x450.jpg\" class=\"attachment-wprt-rectangle2 size-wprt-rectangle2 wp-post-image\" alt=\"\" \/><div class=\"icon\">\r\n\t                    \t\t<a class=\"link\" href=\"https:\/\/carolapizzeria.se\/index\/gallery\/carlola-restaurang-pizzeria-2\/\" title=\"Carlola Restaurang &#038; Pizzeria\"><i class=\"gustablo-link\"><\/i><\/a>\r\n\t                    \t\t<a class=\"zoom-popup cbp-lightbox\" href=\"https:\/\/carolapizzeria.se\/index\/wp-content\/uploads\/2023\/03\/Gallery_002.jpg\" data-title=\"Carlola Restaurang &#038; Pizzeria\"><i class=\"gustablo-magnifier3\"><\/i><\/a>\r\n\t                    \t\t<\/div><\/div><div class=\"gallery-text\"><h2><a href=\"https:\/\/carolapizzeria.se\/index\/gallery\/carlola-restaurang-pizzeria-2\/\" title=\"Carlola Restaurang &#038; Pizzeria\">Carlola Restaurang &#038; Pizzeria<\/a><\/h2><\/div><\/div>\t\t                <\/div>\r\n\t\t\t\t\t<\/div><!-- \/.gallery-box -->\r\n\t            <\/div><!-- \/.cbp-item -->\r\n\t\t\t\r\n\t            <div class=\"cbp-item cheese creative delicate fantasy gustablo \">\r\n\t\t\t\t\t<div class=\"gallery-box style-1\">\r\n\t\t\t\t\t\t<div class=\"inner\">\r\n\t\t\t\t\t\t\t<div class=\"gallery-wrap\"><div class=\"gallery-image\"><img loading=\"lazy\" decoding=\"async\" width=\"600\" height=\"450\" src=\"https:\/\/carolapizzeria.se\/index\/wp-content\/uploads\/2018\/03\/Gallery_001-600x450.jpg\" class=\"attachment-wprt-rectangle2 size-wprt-rectangle2 wp-post-image\" alt=\"\" \/><div class=\"icon\">\r\n\t                    \t\t<a class=\"link\" href=\"https:\/\/carolapizzeria.se\/index\/gallery\/carlola-restaurang-pizzeria\/\" title=\"Carlola Restaurang &#038; Pizzeria\"><i class=\"gustablo-link\"><\/i><\/a>\r\n\t                    \t\t<a class=\"zoom-popup cbp-lightbox\" href=\"https:\/\/carolapizzeria.se\/index\/wp-content\/uploads\/2018\/03\/Gallery_001.jpg\" data-title=\"Carlola Restaurang &#038; Pizzeria\"><i class=\"gustablo-magnifier3\"><\/i><\/a>\r\n\t                    \t\t<\/div><\/div><div class=\"gallery-text\"><h2><a href=\"https:\/\/carolapizzeria.se\/index\/gallery\/carlola-restaurang-pizzeria\/\" title=\"Carlola Restaurang &#038; Pizzeria\">Carlola Restaurang &#038; Pizzeria<\/a><\/h2><\/div><\/div>\t\t                <\/div>\r\n\t\t\t\t\t<\/div><!-- \/.gallery-box -->\r\n\t            <\/div><!-- \/.cbp-item -->\r\n\t\t\t\r\n\t            <div class=\"cbp-item cheese creative delicate fantasy gustablo \">\r\n\t\t\t\t\t<div class=\"gallery-box style-1\">\r\n\t\t\t\t\t\t<div class=\"inner\">\r\n\t\t\t\t\t\t\t<div class=\"gallery-wrap\"><div class=\"gallery-image\"><img loading=\"lazy\" decoding=\"async\" width=\"600\" height=\"450\" src=\"https:\/\/carolapizzeria.se\/index\/wp-content\/uploads\/2023\/01\/011-600x450.jpeg\" class=\"attachment-wprt-rectangle2 size-wprt-rectangle2 wp-post-image\" alt=\"\" srcset=\"https:\/\/carolapizzeria.se\/index\/wp-content\/uploads\/2023\/01\/011-600x450.jpeg 600w, https:\/\/carolapizzeria.se\/index\/wp-content\/uploads\/2023\/01\/011-300x225.jpeg 300w, https:\/\/carolapizzeria.se\/index\/wp-content\/uploads\/2023\/01\/011-768x576.jpeg 768w, https:\/\/carolapizzeria.se\/index\/wp-content\/uploads\/2023\/01\/011-870x653.jpeg 870w, https:\/\/carolapizzeria.se\/index\/wp-content\/uploads\/2023\/01\/011-480x360.jpeg 480w, https:\/\/carolapizzeria.se\/index\/wp-content\/uploads\/2023\/01\/011.jpeg 1024w\" sizes=\"auto, (max-width: 600px) 100vw, 600px\" \/><div class=\"icon\">\r\n\t                    \t\t<a class=\"link\" href=\"https:\/\/carolapizzeria.se\/index\/gallery\/carlola-restaurang-pizzeria12\/\" title=\"Carlola Restaurang &#038; Pizzeria\"><i class=\"gustablo-link\"><\/i><\/a>\r\n\t                    \t\t<a class=\"zoom-popup cbp-lightbox\" href=\"https:\/\/carolapizzeria.se\/index\/wp-content\/uploads\/2023\/01\/011.jpeg\" data-title=\"Carlola Restaurang &#038; Pizzeria\"><i class=\"gustablo-magnifier3\"><\/i><\/a>\r\n\t                    \t\t<\/div><\/div><div class=\"gallery-text\"><h2><a href=\"https:\/\/carolapizzeria.se\/index\/gallery\/carlola-restaurang-pizzeria12\/\" title=\"Carlola Restaurang &#038; Pizzeria\">Carlola Restaurang &#038; Pizzeria<\/a><\/h2><\/div><\/div>\t\t                <\/div>\r\n\t\t\t\t\t<\/div><!-- \/.gallery-box -->\r\n\t            <\/div><!-- \/.cbp-item -->\r\n\t\t\t\r\n\t            <div class=\"cbp-item cheese delicate gustablo \">\r\n\t\t\t\t\t<div class=\"gallery-box style-1\">\r\n\t\t\t\t\t\t<div class=\"inner\">\r\n\t\t\t\t\t\t\t<div class=\"gallery-wrap\"><div class=\"gallery-image\"><img loading=\"lazy\" decoding=\"async\" width=\"600\" height=\"450\" src=\"https:\/\/carolapizzeria.se\/index\/wp-content\/uploads\/2023\/01\/008-600x450.jpeg\" class=\"attachment-wprt-rectangle2 size-wprt-rectangle2 wp-post-image\" alt=\"\" srcset=\"https:\/\/carolapizzeria.se\/index\/wp-content\/uploads\/2023\/01\/008-600x450.jpeg 600w, https:\/\/carolapizzeria.se\/index\/wp-content\/uploads\/2023\/01\/008-300x225.jpeg 300w, https:\/\/carolapizzeria.se\/index\/wp-content\/uploads\/2023\/01\/008-768x576.jpeg 768w, https:\/\/carolapizzeria.se\/index\/wp-content\/uploads\/2023\/01\/008-870x653.jpeg 870w, https:\/\/carolapizzeria.se\/index\/wp-content\/uploads\/2023\/01\/008-480x360.jpeg 480w, https:\/\/carolapizzeria.se\/index\/wp-content\/uploads\/2023\/01\/008.jpeg 1024w\" sizes=\"auto, (max-width: 600px) 100vw, 600px\" \/><div class=\"icon\">\r\n\t                    \t\t<a class=\"link\" href=\"https:\/\/carolapizzeria.se\/index\/gallery\/carlola-restaurang-pizzeria11\/\" title=\"Carlola Restaurang &#038; Pizzeria\"><i class=\"gustablo-link\"><\/i><\/a>\r\n\t                    \t\t<a class=\"zoom-popup cbp-lightbox\" href=\"https:\/\/carolapizzeria.se\/index\/wp-content\/uploads\/2023\/01\/008.jpeg\" data-title=\"Carlola Restaurang &#038; Pizzeria\"><i class=\"gustablo-magnifier3\"><\/i><\/a>\r\n\t                    \t\t<\/div><\/div><div class=\"gallery-text\"><h2><a href=\"https:\/\/carolapizzeria.se\/index\/gallery\/carlola-restaurang-pizzeria11\/\" title=\"Carlola Restaurang &#038; Pizzeria\">Carlola Restaurang &#038; Pizzeria<\/a><\/h2><\/div><\/div>\t\t                <\/div>\r\n\t\t\t\t\t<\/div><!-- \/.gallery-box -->\r\n\t            <\/div><!-- \/.cbp-item -->\r\n\t\t\t\r\n\t            <div class=\"cbp-item cheese creative fantasy gustablo \">\r\n\t\t\t\t\t<div class=\"gallery-box style-1\">\r\n\t\t\t\t\t\t<div class=\"inner\">\r\n\t\t\t\t\t\t\t<div class=\"gallery-wrap\"><div class=\"gallery-image\"><img loading=\"lazy\" decoding=\"async\" width=\"600\" height=\"450\" src=\"https:\/\/carolapizzeria.se\/index\/wp-content\/uploads\/2023\/01\/007-600x450.jpeg\" class=\"attachment-wprt-rectangle2 size-wprt-rectangle2 wp-post-image\" alt=\"\" srcset=\"https:\/\/carolapizzeria.se\/index\/wp-content\/uploads\/2023\/01\/007-600x450.jpeg 600w, https:\/\/carolapizzeria.se\/index\/wp-content\/uploads\/2023\/01\/007-300x225.jpeg 300w, https:\/\/carolapizzeria.se\/index\/wp-content\/uploads\/2023\/01\/007-768x576.jpeg 768w, https:\/\/carolapizzeria.se\/index\/wp-content\/uploads\/2023\/01\/007-870x653.jpeg 870w, https:\/\/carolapizzeria.se\/index\/wp-content\/uploads\/2023\/01\/007-480x360.jpeg 480w, https:\/\/carolapizzeria.se\/index\/wp-content\/uploads\/2023\/01\/007.jpeg 1024w\" sizes=\"auto, (max-width: 600px) 100vw, 600px\" \/><div class=\"icon\">\r\n\t                    \t\t<a class=\"link\" href=\"https:\/\/carolapizzeria.se\/index\/gallery\/carlola-restaurang-pizzeria10\/\" title=\"Carlola Restaurang &#038; Pizzeria\"><i class=\"gustablo-link\"><\/i><\/a>\r\n\t                    \t\t<a class=\"zoom-popup cbp-lightbox\" href=\"https:\/\/carolapizzeria.se\/index\/wp-content\/uploads\/2023\/01\/007.jpeg\" data-title=\"Carlola Restaurang &#038; Pizzeria\"><i class=\"gustablo-magnifier3\"><\/i><\/a>\r\n\t                    \t\t<\/div><\/div><div class=\"gallery-text\"><h2><a href=\"https:\/\/carolapizzeria.se\/index\/gallery\/carlola-restaurang-pizzeria10\/\" title=\"Carlola Restaurang &#038; Pizzeria\">Carlola Restaurang &#038; Pizzeria<\/a><\/h2><\/div><\/div>\t\t                <\/div>\r\n\t\t\t\t\t<\/div><!-- \/.gallery-box -->\r\n\t            <\/div><!-- \/.cbp-item -->\r\n\t\t\t\r\n\t            <div class=\"cbp-item creative fantasy gustablo \">\r\n\t\t\t\t\t<div class=\"gallery-box style-1\">\r\n\t\t\t\t\t\t<div class=\"inner\">\r\n\t\t\t\t\t\t\t<div class=\"gallery-wrap\"><div class=\"gallery-image\"><img loading=\"lazy\" decoding=\"async\" width=\"600\" height=\"450\" src=\"https:\/\/carolapizzeria.se\/index\/wp-content\/uploads\/2023\/01\/006-600x450.jpeg\" class=\"attachment-wprt-rectangle2 size-wprt-rectangle2 wp-post-image\" alt=\"\" srcset=\"https:\/\/carolapizzeria.se\/index\/wp-content\/uploads\/2023\/01\/006-600x450.jpeg 600w, https:\/\/carolapizzeria.se\/index\/wp-content\/uploads\/2023\/01\/006-300x225.jpeg 300w, https:\/\/carolapizzeria.se\/index\/wp-content\/uploads\/2023\/01\/006-768x576.jpeg 768w, https:\/\/carolapizzeria.se\/index\/wp-content\/uploads\/2023\/01\/006-870x653.jpeg 870w, https:\/\/carolapizzeria.se\/index\/wp-content\/uploads\/2023\/01\/006-480x360.jpeg 480w, https:\/\/carolapizzeria.se\/index\/wp-content\/uploads\/2023\/01\/006.jpeg 1024w\" sizes=\"auto, (max-width: 600px) 100vw, 600px\" \/><div class=\"icon\">\r\n\t                    \t\t<a class=\"link\" href=\"https:\/\/carolapizzeria.se\/index\/gallery\/carlola-restaurang-pizzeria09\/\" title=\"Carlola Restaurang &#038; Pizzeria\"><i class=\"gustablo-link\"><\/i><\/a>\r\n\t                    \t\t<a class=\"zoom-popup cbp-lightbox\" href=\"https:\/\/carolapizzeria.se\/index\/wp-content\/uploads\/2023\/01\/006.jpeg\" data-title=\"Carlola Restaurang &#038; Pizzeria\"><i class=\"gustablo-magnifier3\"><\/i><\/a>\r\n\t                    \t\t<\/div><\/div><div class=\"gallery-text\"><h2><a href=\"https:\/\/carolapizzeria.se\/index\/gallery\/carlola-restaurang-pizzeria09\/\" title=\"Carlola Restaurang &#038; Pizzeria\">Carlola Restaurang &#038; Pizzeria<\/a><\/h2><\/div><\/div>\t\t                <\/div>\r\n\t\t\t\t\t<\/div><!-- \/.gallery-box -->\r\n\t            <\/div><!-- \/.cbp-item -->\r\n\t\t\t\t\t<\/div><!-- \/#galleries -->\r\n\r\n\t\t\t\r\n\t\r\n<\/div><!-- \/.wprt-gallery -->\r\n\r\n\t<div class=\"wprt-spacer clearfix\" data-desktop=\"40\" data-mobi=\"30\" data-smobi=\"30\"><\/div>\r\n\t<div class=\"wprt-align-box text-center\"><div class=\"button-wrap icon-right\" style=\"\"><a href=\"https:\/\/carolapizzeria.se\/index\/gallery\/\" target=\"_self\" class=\"wprt-button  solid outline_light width-3 outline light\" style=\"\">\r\n\t\t<span style=\"\">VISA GALLERI <\/span>\r\n\t<\/a><\/div>\n<\/div>\r\n\t<div class=\"wprt-spacer clearfix\" data-desktop=\"78\" data-mobi=\"60\" data-smobi=\"60\"><\/div>[\/vc_column][\/vc_row][vc_row full_width=&#8221;stretch_row&#8221; css=&#8221;.vc_custom_1520221424663{background-color: #f5f5f5 !important;}&#8221;][vc_column]\r\n\t<div class=\"wprt-spacer clearfix\" data-desktop=\"115\" data-mobi=\"30\" data-smobi=\"30\"><\/div>[vc_row_inner][vc_column_inner width=&#8221;1\/2&#8243;][vc_single_image image=&#8221;1341&#8243;]\r\n\t<div class=\"wprt-spacer clearfix\" data-desktop=\"0\" data-mobi=\"40\" data-smobi=\"40\"><\/div>[\/vc_column_inner][vc_column_inner width=&#8221;1\/2&#8243;]<div class=\"wprt-headings clearfix text-center\"  style=\"\"><h2 class=\"heading clearfix\" style=\"\">\r\n\t\tCarola Restaurang &amp; Pizzeria\r\n\t<\/h2><\/div><div class=\"wprt-divider has-icon\" style=\"width:288px;margin-top:16px;margin-bottom:22px;\">\r\n\t\t\t<div class=\"divider-icon\">\r\n\t\t\t\t<span class=\"divider-icon-before divider-center divider-double\" style=\"border-color:#dddddd;\"><\/span>\r\n\t\t\t\t<span class=\"icon-wrap\" style=\"\"><span class=\"nz-chef \" style=\"font-size:30px;color:#999999;\"><\/span><\/span>\r\n\t\t\t\t<span class=\"divider-icon-after divider-center divider-double\" style=\"border-color:#dddddd;\"><\/span>\r\n\t\t\t<\/div>\r\n\t\t<\/div><div class=\"clearfix\"><\/div><div class=\"wprt-headings clearfix text-center\"  style=\"\"><p class=\"sub-heading clearfix\" style=\"font-style:normal;font-size:17px;line-height:28px;max-width:560px; margin-left: auto; margin-right: auto;\">\r\n\t\tRollen som ett bra kokk\u00e4rl vid beredningen av en \u00f6verd\u00e5dig m\u00e5ltid kan inte vara \u00f6ver.<\/p>\n<p>Vi har ett \u00f6ppet k\u00f6k d\u00e4r vi lagar mat p\u00e5 kolgrillen<\/p>\n<p>Prova g\u00e4rna till exempel v\u00e5ra specialiteter som lammf\u00e4rsspett,<br \/>\nkycklingfil\u00e9spett, oxfil\u00e9 eller entrecote.<\/p>\n<p>Vi skr\u00e4ddarsyr din catering efter dina \u00f6nskem\u00e5l.\r\n\t<\/p><\/div>\r\n\t<div class=\"wprt-spacer clearfix\" data-desktop=\"26\" data-mobi=\"26\" data-smobi=\"26\"><\/div>[vc_single_image image=&#8221;178&#8243; alignment=&#8221;center&#8221;]\r\n\t<div class=\"wprt-spacer clearfix\" data-desktop=\"0\" data-mobi=\"40\" data-smobi=\"40\"><\/div>[\/vc_column_inner][\/vc_row_inner][\/vc_column][\/vc_row][vc_row][vc_column]\r\n\t<div class=\"wprt-spacer clearfix\" data-desktop=\"47\" data-mobi=\"47\" data-smobi=\"47\"><\/div>[vc_row_inner el_class=&#8221;separator light&#8221;][vc_column_inner width=&#8221;1\/4&#8243;]<div class=\"wprt-counter clearfix no-icon text-center\"><div class=\"number-wrap font-heading\" style=\"font-weight:700;font-size:52px;line-height:68px;\"><span class=\"prefix \" style=\"\"><\/span><span class=\"number accent\" data-speed=\"5000\" data-from=\"0\" data-to=\"5240\"> 5240<\/span><span class=\"suffix \" style=\"\"><\/span><\/div><h4 class=\"heading\" style=\"font-weight:600;color:#777777;font-size:14px;\">\r\n\t\tL\u00c4CKRA MIDDAG\r\n\t<\/h4><\/div>\r\n\t<div class=\"wprt-spacer clearfix\" data-desktop=\"0\" data-mobi=\"35\" data-smobi=\"35\"><\/div>[\/vc_column_inner][vc_column_inner width=&#8221;1\/4&#8243;]<div class=\"wprt-counter clearfix no-icon text-center\"><div class=\"number-wrap font-heading\" style=\"font-weight:700;font-size:52px;line-height:68px;\"><span class=\"prefix \" style=\"\"><\/span><span class=\"number accent\" data-speed=\"5000\" data-from=\"0\" data-to=\"2490\"> 2490<\/span><span class=\"suffix \" style=\"\"><\/span><\/div><h4 class=\"heading\" style=\"font-weight:600;color:#777777;font-size:14px;\">\r\n\t\tKREATIVT MATERIAL\r\n\t<\/h4><\/div>\r\n\t<div class=\"wprt-spacer clearfix\" data-desktop=\"0\" data-mobi=\"35\" data-smobi=\"35\"><\/div>[\/vc_column_inner][vc_column_inner width=&#8221;1\/4&#8243;]<div class=\"wprt-counter clearfix no-icon text-center\"><div class=\"number-wrap font-heading\" style=\"font-weight:700;font-size:52px;line-height:68px;\"><span class=\"prefix \" style=\"\"><\/span><span class=\"number accent\" data-speed=\"5000\" data-from=\"0\" data-to=\"250\"> 250<\/span><span class=\"suffix \" style=\"\"><\/span><\/div><h4 class=\"heading\" style=\"font-weight:600;color:#777777;font-size:14px;\">\r\n\t\tERFAREN M\u00c4STARE\r\n\t<\/h4><\/div>\r\n\t<div class=\"wprt-spacer clearfix\" data-desktop=\"0\" data-mobi=\"35\" data-smobi=\"35\"><\/div>[\/vc_column_inner][vc_column_inner width=&#8221;1\/4&#8243;]<div class=\"wprt-counter clearfix no-icon text-center\"><div class=\"number-wrap font-heading\" style=\"font-weight:700;font-size:52px;line-height:68px;\"><span class=\"prefix \" style=\"\"><\/span><span class=\"number accent\" data-speed=\"5000\" data-from=\"0\" data-to=\"7410\"> 7410<\/span><span class=\"suffix \" style=\"\"><\/span><\/div><h4 class=\"heading\" style=\"font-weight:600;color:#777777;font-size:14px;\">\r\n\t\tPROFESSIONELLA AWARDS\r\n\t<\/h4><\/div>[\/vc_column_inner][\/vc_row_inner]\r\n\t<div class=\"wprt-spacer clearfix\" data-desktop=\"47\" data-mobi=\"47\" data-smobi=\"47\"><\/div>[\/vc_column][\/vc_row][vc_row full_width=&#8221;stretch_row&#8221; css=&#8221;.vc_custom_1520341686388{background-color: #f5f5f5 !important;}&#8221;][vc_column]\r\n\t<div class=\"wprt-spacer clearfix\" data-desktop=\"70\" data-mobi=\"60\" data-smobi=\"60\"><\/div>[vc_row_inner][vc_column_inner width=&#8221;1\/2&#8243;]\r\n\t<div class=\"wprt-spacer clearfix\" data-desktop=\"66\" data-mobi=\"0\" data-smobi=\"0\"><\/div><div class=\"wprt-headings clearfix text-center\"  style=\"\"><h2 class=\"heading clearfix\" style=\"\">\r\n\t\tOm oss\r\n\t<\/h2><\/div><div class=\"wprt-divider has-icon\" style=\"width:288px;margin-top:16px;margin-bottom:22px;\">\r\n\t\t\t<div class=\"divider-icon\">\r\n\t\t\t\t<span class=\"divider-icon-before divider-center divider-double\" style=\"border-color:#dddddd;\"><\/span>\r\n\t\t\t\t<span class=\"icon-wrap\" style=\"\"><span class=\"nz-chef \" style=\"font-size:30px;color:#999999;\"><\/span><\/span>\r\n\t\t\t\t<span class=\"divider-icon-after divider-center divider-double\" style=\"border-color:#dddddd;\"><\/span>\r\n\t\t\t<\/div>\r\n\t\t<\/div><div class=\"clearfix\"><\/div><div class=\"wprt-headings clearfix text-center\"  style=\"\"><p class=\"sub-heading clearfix\" style=\"font-style:normal;font-size:17px;line-height:28px;max-width:560px; margin-left: auto; margin-right: auto;\">\r\n\t\tI v\u00e5r nyrenoverade restaurang serverar vi Kurdiska mat i olika former,<br \/>\nbland annat pizzor och olika delikatesser.<\/p>\n<p>Vid lunch finns \u00e4ven svensk husmanskost p\u00e5 menyn och vi serverar alltid<br \/>\nnybakat br\u00f6d.<\/p>\n<p>Du kan ocks\u00e5 v\u00e4lja fr\u00e5n ett brett utbud fr\u00e5n salladsbuff\u00e9n.<\/p>\n<p>Dessutom serverar vi \u00e4ven frukost f\u00f6r dig som \u00e4r morgonpigg!!<\/p>\n<p>Varmt v\u00e4lkommen!\r\n\t<\/p><\/div>\r\n\t<div class=\"wprt-spacer clearfix\" data-desktop=\"0\" data-mobi=\"30\" data-smobi=\"30\"><\/div>[\/vc_column_inner][vc_column_inner width=&#8221;1\/2&#8243;][vc_single_image image=&#8221;1343&#8243; alignment=&#8221;right&#8221;][\/vc_column_inner][\/vc_row_inner]\r\n\t<div class=\"wprt-spacer clearfix\" data-desktop=\"70\" data-mobi=\"60\" data-smobi=\"60\"><\/div>[\/vc_column][\/vc_row][vc_row][vc_column width=&#8221;1\/2&#8243;]\r\n\t<div class=\"wprt-spacer clearfix\" data-desktop=\"100\" data-mobi=\"50\" data-smobi=\"50\"><\/div>[vc_column_text]<\/p>\n<h3><strong>Hemk\u00f6rning med Foodora<\/strong><\/h3>\n<p><strong>M\u00e5n &#8211; Fre: 13:30 &#8211; 19:00<\/strong>[\/vc_column_text][\/vc_column][vc_column width=&#8221;1\/2&#8243;]\r\n\t<div class=\"wprt-spacer clearfix\" data-desktop=\"63\" data-mobi=\"50\" data-smobi=\"50\"><\/div>[vc_single_image image=&#8221;1356&#8243;]\r\n\t<div class=\"wprt-spacer clearfix\" data-desktop=\"63\" data-mobi=\"50\" data-smobi=\"50\"><\/div>[\/vc_column][\/vc_row]<\/p>\n<\/div>","protected":false},"excerpt":{"rendered":"<p>[vc_row][vc_column][rev_slider_vc alias=&#8221;slider-11&#8243;][\/vc_column][\/vc_row][vc_row el_class=&#8221;top-contact-form&#8221;][vc_column][\/vc_column][\/vc_row][vc_row full_width=&#8221;stretch_row&#8221;][vc_column][\/vc_column][\/vc_row][vc_row full_width=&#8221;stretch_row&#8221; css=&#8221;.vc_custom_1520221424663{background-color: #f5f5f5 !important;}&#8221;][vc_column][vc_row_inner][vc_column_inner width=&#8221;1\/2&#8243;][vc_single_image image=&#8221;1341&#8243;][\/vc_column_inner][vc_column_inner width=&#8221;1\/2&#8243;][vc_single_image image=&#8221;178&#8243; alignment=&#8221;center&#8221;][\/vc_column_inner][\/vc_row_inner][\/vc_column][\/vc_row][vc_row][vc_column][vc_row_inner el_class=&#8221;separator light&#8221;][vc_column_inner width=&#8221;1\/4&#8243;][\/vc_column_inner][vc_column_inner width=&#8221;1\/4&#8243;][\/vc_column_inner][vc_column_inner width=&#8221;1\/4&#8243;][\/vc_column_inner][vc_column_inner width=&#8221;1\/4&#8243;][\/vc_column_inner][\/vc_row_inner][\/vc_column][\/vc_row][vc_row full_width=&#8221;stretch_row&#8221; css=&#8221;.vc_custom_1520341686388{background-color: #f5f5f5 !important;}&#8221;][vc_column][vc_row_inner][vc_column_inner width=&#8221;1\/2&#8243;][\/vc_column_inner][vc_column_inner width=&#8221;1\/2&#8243;][vc_single_image image=&#8221;1343&#8243; alignment=&#8221;right&#8221;][\/vc_column_inner][\/vc_row_inner][\/vc_column][\/vc_row][vc_row][vc_column width=&#8221;1\/2&#8243;][vc_column_text] Hemk\u00f6rning med Foodora M\u00e5n &#8211; Fre: 13:30 &#8211; 19:00[\/vc_column_text][\/vc_column][vc_column width=&#8221;1\/2&#8243;][vc_single_image image=&#8221;1356&#8243;][\/vc_column][\/vc_row]<\/p>\n","protected":false},"author":1,"featured_media":0,"parent":0,"menu_order":0,"comment_status":"closed","ping_status":"closed","template":"","meta":{"_monsterinsights_skip_tracking":false,"_monsterinsights_sitenote_active":false,"_monsterinsights_sitenote_note":"","_monsterinsights_sitenote_category":0,"footnotes":""},"class_list":["post-89","page","type-page","status-publish","hentry","last"],"aioseo_notices":[],"_links":{"self":[{"href":"https:\/\/carolapizzeria.se\/index\/wp-json\/wp\/v2\/pages\/89","targetHints":{"allow":["GET"]}}],"collection":[{"href":"https:\/\/carolapizzeria.se\/index\/wp-json\/wp\/v2\/pages"}],"about":[{"href":"https:\/\/carolapizzeria.se\/index\/wp-json\/wp\/v2\/types\/page"}],"author":[{"embeddable":true,"href":"https:\/\/carolapizzeria.se\/index\/wp-json\/wp\/v2\/users\/1"}],"replies":[{"embeddable":true,"href":"https:\/\/carolapizzeria.se\/index\/wp-json\/wp\/v2\/comments?post=89"}],"version-history":[{"count":3,"href":"https:\/\/carolapizzeria.se\/index\/wp-json\/wp\/v2\/pages\/89\/revisions"}],"predecessor-version":[{"id":1468,"href":"https:\/\/carolapizzeria.se\/index\/wp-json\/wp\/v2\/pages\/89\/revisions\/1468"}],"wp:attachment":[{"href":"https:\/\/carolapizzeria.se\/index\/wp-json\/wp\/v2\/media?parent=89"}],"curies":[{"name":"wp","href":"https:\/\/api.w.org\/{rel}","templated":true}]}}