{"id":723,"date":"2018-03-15T10:36:08","date_gmt":"2018-03-15T10:36:08","guid":{"rendered":"http:\/\/ninzio.com\/gustablo\/?page_id=723"},"modified":"2024-03-27T13:09:52","modified_gmt":"2024-03-27T12:09:52","slug":"om-oss","status":"publish","type":"page","link":"https:\/\/carolapizzeria.se\/index\/om-oss\/","title":{"rendered":"Om oss"},"content":{"rendered":"<div class=\"wpb-content-wrapper\"><p>[vc_row][vc_column]\r\n\t<div class=\"wprt-spacer clearfix\" data-desktop=\"62\" data-mobi=\"60\" data-smobi=\"60\"><\/div><div class=\"wprt-grid-box clearfix dotted no-border-wrap\">\r\n\t\t<div class=\"wprt-content-box clearfix \" data-padding=\"0px 50px 0px 50px\" data-mobipadding=\"0px 0px 35px 0px\" data-margin=\"\" data-mobimargin=\"\">\r\n\t\t<div class=\"inner-wrap \" style=\"\">\r\n\t\t\t<div class=\"wprt-icon-box clearfix icon-top w95 grey-bg align-center rounded-100 has-width\"><div class=\"icon-wrap \" style=\"font-size:40px;\">\r\n\t\t\t\t<i class=\"nz-chef\"><\/i>\r\n\t\t\t<\/div> <h3 class=\"heading \" style=\"font-size:16px;margin-bottom:5px;\">\r\n\t\t<a target=\"_blank\" href=\"\">\r\n\t\t\t<span>H\u00e4lsosam och v\u00e4lsmakande<\/span>\r\n\t\t<\/a>\r\n\t<\/h3><p class=\"desc\" style=\"\">\r\n\t\t<span>Vi har ett \u00f6ppet k\u00f6k d\u00e4r vi lagar mat p\u00e5 kolgrillen<\/span>\r\n\t<\/p><\/div>\n\r\n\t\t<\/div>\r\n\t<\/div><div class=\"wprt-content-box clearfix \" data-padding=\"0px 50px 0px 50px\" data-mobipadding=\"35px 0px 35px 0px\" data-margin=\"\" data-mobimargin=\"\">\r\n\t\t<div class=\"inner-wrap \" style=\"\">\r\n\t\t\t<div class=\"wprt-icon-box clearfix icon-top w95 grey-bg align-center rounded-100 has-width\"><div class=\"icon-wrap \" style=\"font-size:40px;\">\r\n\t\t\t\t<i class=\"nz-restaurant\"><\/i>\r\n\t\t\t<\/div> <h3 class=\"heading \" style=\"font-size:16px;margin-bottom:5px;\">\r\n\t\t<a target=\"_blank\" href=\"\">\r\n\t\t\t<span>Dagens special<\/span>\r\n\t\t<\/a>\r\n\t<\/h3><p class=\"desc\" style=\"\">\r\n\t\t<span>Du kan ocks\u00e5 v\u00e4lja fr\u00e5n ett brett utbud fr\u00e5n salladsbuff\u00e9n.<\/span>\r\n\t<\/p><\/div>\n\r\n\t\t<\/div>\r\n\t<\/div><div class=\"wprt-content-box clearfix \" data-padding=\"0px 50px 0px 50px\" data-mobipadding=\"35px 0px 0px 0px\" data-margin=\"\" data-mobimargin=\"\">\r\n\t\t<div class=\"inner-wrap \" style=\"\">\r\n\t\t\t<div class=\"wprt-icon-box clearfix icon-top w95 grey-bg align-center rounded-100 has-width\"><div class=\"icon-wrap \" style=\"font-size:40px;\">\r\n\t\t\t\t<i class=\"nz-dinner\"><\/i>\r\n\t\t\t<\/div> <h3 class=\"heading \" style=\"font-size:16px;margin-bottom:5px;\">\r\n\t\t<a target=\"_blank\" href=\"\">\r\n\t\t\t<span>Romantisk middag<\/span>\r\n\t\t<\/a>\r\n\t<\/h3><p class=\"desc\" style=\"\">\r\n\t\t<span>VI SKR\u00c4DDARSYR DIN CATERING EFTER DINA \u00d6NSKEM\u00c5L\u2026<\/span>\r\n\t<\/p><\/div>\n\r\n\t\t<\/div>\r\n\t<\/div>\n\r\n\t<\/div>\r\n\t<div class=\"wprt-spacer clearfix\" data-desktop=\"78\" data-mobi=\"60\" data-smobi=\"60\"><\/div>[\/vc_column][\/vc_row][vc_row][vc_column]\r\n\t<div class=\"wprt-spacer clearfix\" data-desktop=\"82\" data-mobi=\"60\" data-smobi=\"60\"><\/div>[vc_row_inner][vc_column_inner width=&#8221;1\/2&#8243;]\r\n\t<div class=\"wprt-spacer clearfix\" data-desktop=\"27\" data-mobi=\"27\" data-smobi=\"27\"><\/div>\r\n\t<div class=\"wprt-tabs clearfix style-1\"><ul class=\"tab-title clearfix\"><\/ul><div class=\"tab-content-wrap\"><div class=\"tab-content \" style=\"\"><li class=\"item-title\" style=\"\">\r\n\t\t\t<span class=\"inner\" style=\"\">\r\n\t\t\t\tV\u00e4lkommen\r\n\t\t\t<\/span>\r\n\t\t<\/li><div class=\"item-content\" style=\"\"><p>I v\u00e5r nyrenoverade restaurang serverar vi Kurdiska mat i olika former,<br \/>\nbland annat pizzor och olika delikatesser.<\/p>\n<p>Vid lunch finns \u00e4ven svensk husmanskost p\u00e5 menyn och vi serverar alltid<br \/>\nnybakat br\u00f6d.<\/p>\n<p>Du kan ocks\u00e5 v\u00e4lja fr\u00e5n ett brett utbud fr\u00e5n salladsbuff\u00e9n.<\/p>\n<p>Dessutom serverar vi \u00e4ven frukost f\u00f6r dig som \u00e4r morgonpigg!!<\/p>\n<p>Varmt v\u00e4lkommen!<\/p>\n<\/div><\/div><div class=\"tab-content \" style=\"\"><li class=\"item-title\" style=\"\">\r\n\t\t\t<span class=\"inner\" style=\"\">\r\n\t\t\t\tSyn\r\n\t\t\t<\/span>\r\n\t\t<\/li><div class=\"item-content\" style=\"\"><div class=\"text-light\">\n<p>Vi har ett \u00f6ppet k\u00f6k d\u00e4r vi lagar mat p\u00e5 kolgrillen<\/p>\n<p>Prova g\u00e4rna till exempel v\u00e5ra specialiteter som lammf\u00e4rsspett,<br \/>\nkycklingfil\u00e9spett, oxfil\u00e9 eller entrecote.<\/p>\n<p>VI SKR\u00c4DDARSYR DIN CATERING EFTER DINA \u00d6NSKEM\u00c5L.<br \/>\nSE V\u00c5R A\u00b4LA CARTE MENY F\u00d6R V\u00c5RT UTBUD AV Kurdiska SPECIALITETER OCH<br \/>\nDELIKASSER.<\/p>\n<\/div>\n<\/div><\/div>\n<\/div><\/div>\r\n\t<div class=\"wprt-spacer clearfix\" data-desktop=\"0\" data-mobi=\"35\" data-smobi=\"35\"><\/div>[\/vc_column_inner][vc_column_inner width=&#8221;1\/2&#8243;][vc_single_image image=&#8221;1345&#8243; alignment=&#8221;right&#8221;][\/vc_column_inner][\/vc_row_inner]\r\n\t<div class=\"wprt-spacer clearfix\" data-desktop=\"89\" data-mobi=\"60\" data-smobi=\"60\"><\/div>[\/vc_column][\/vc_row]<\/p>\n<\/div>","protected":false},"excerpt":{"rendered":"<p>[vc_row][vc_column][\/vc_column][\/vc_row][vc_row][vc_column][vc_row_inner][vc_column_inner width=&#8221;1\/2&#8243;][\/vc_column_inner][vc_column_inner width=&#8221;1\/2&#8243;][vc_single_image image=&#8221;1345&#8243; alignment=&#8221;right&#8221;][\/vc_column_inner][\/vc_row_inner][\/vc_column][\/vc_row]<\/p>\n","protected":false},"author":1,"featured_media":0,"parent":0,"menu_order":0,"comment_status":"closed","ping_status":"closed","template":"","meta":{"_monsterinsights_skip_tracking":false,"_monsterinsights_sitenote_active":false,"_monsterinsights_sitenote_note":"","_monsterinsights_sitenote_category":0,"footnotes":""},"class_list":["post-723","page","type-page","status-publish","hentry","last"],"aioseo_notices":[],"_links":{"self":[{"href":"https:\/\/carolapizzeria.se\/index\/wp-json\/wp\/v2\/pages\/723","targetHints":{"allow":["GET"]}}],"collection":[{"href":"https:\/\/carolapizzeria.se\/index\/wp-json\/wp\/v2\/pages"}],"about":[{"href":"https:\/\/carolapizzeria.se\/index\/wp-json\/wp\/v2\/types\/page"}],"author":[{"embeddable":true,"href":"https:\/\/carolapizzeria.se\/index\/wp-json\/wp\/v2\/users\/1"}],"replies":[{"embeddable":true,"href":"https:\/\/carolapizzeria.se\/index\/wp-json\/wp\/v2\/comments?post=723"}],"version-history":[{"count":1,"href":"https:\/\/carolapizzeria.se\/index\/wp-json\/wp\/v2\/pages\/723\/revisions"}],"predecessor-version":[{"id":1469,"href":"https:\/\/carolapizzeria.se\/index\/wp-json\/wp\/v2\/pages\/723\/revisions\/1469"}],"wp:attachment":[{"href":"https:\/\/carolapizzeria.se\/index\/wp-json\/wp\/v2\/media?parent=723"}],"curies":[{"name":"wp","href":"https:\/\/api.w.org\/{rel}","templated":true}]}}